{"id":39,"date":"2020-02-26T09:28:48","date_gmt":"2020-02-26T09:28:48","guid":{"rendered":"https:\/\/demoapus2.com\/homeo\/?page_id=39"},"modified":"2024-09-05T01:19:40","modified_gmt":"2024-09-05T01:19:40","slug":"contact","status":"publish","type":"page","link":"https:\/\/morenorealestate.mx\/en\/contact\/","title":{"rendered":"Contact"},"content":{"rendered":"<div data-elementor-type=\"wp-page\" data-elementor-id=\"39\" class=\"elementor elementor-39\">\n\t\t\t\t\t\t<section class=\"elementor-section elementor-top-section elementor-element elementor-element-32dfa58 elementor-section-stretched elementor-section-boxed elementor-section-height-default elementor-section-height-default\" data-id=\"32dfa58\" data-element_type=\"section\" data-e-type=\"section\" data-settings=\"{&quot;stretch_section&quot;:&quot;section-stretched&quot;,&quot;background_background&quot;:&quot;classic&quot;}\">\n\t\t\t\t\t\t<div class=\"elementor-container elementor-column-gap-extended\">\n\t\t\t\t\t<div class=\"elementor-column elementor-col-33 elementor-top-column elementor-element elementor-element-a20c9a1\" data-id=\"a20c9a1\" data-element_type=\"column\" data-e-type=\"column\" data-settings=\"{&quot;background_background&quot;:&quot;classic&quot;}\">\n\t\t\t<div class=\"elementor-widget-wrap\">\n\t\t\t\t\t\t\t<\/div>\n\t\t<\/div>\n\t\t\t\t<div class=\"elementor-column elementor-col-33 elementor-top-column elementor-element elementor-element-ee6bffa contact-form\" data-id=\"ee6bffa\" data-element_type=\"column\" data-e-type=\"column\" data-settings=\"{&quot;background_background&quot;:&quot;classic&quot;}\">\n\t\t\t<div class=\"elementor-widget-wrap\">\n\t\t\t\t\t\t\t<\/div>\n\t\t<\/div>\n\t\t\t\t<div class=\"elementor-column elementor-col-33 elementor-top-column elementor-element elementor-element-b1e5569\" data-id=\"b1e5569\" data-element_type=\"column\" data-e-type=\"column\">\n\t\t\t<div class=\"elementor-widget-wrap\">\n\t\t\t\t\t\t\t<\/div>\n\t\t<\/div>\n\t\t\t\t\t<\/div>\n\t\t<\/section>\n\t\t\t\t<\/div>","protected":false},"excerpt":{"rendered":"<p>Cont\u00e1ctanos para brindarte una asesoria personalizada. D\u00e9janos brindarte asesor\u00eda personalizada para que encuentres tu propiedad ideal en la Riviera Maya. Tu nombre Tu correo electr\u00f3nico Tel\u00e9fono<\/p>","protected":false},"author":1,"featured_media":0,"parent":0,"menu_order":0,"comment_status":"closed","ping_status":"closed","template":"","meta":{"nf_dc_page":"","_monsterinsights_skip_tracking":false,"_monsterinsights_sitenote_active":false,"_monsterinsights_sitenote_note":"","_monsterinsights_sitenote_category":0,"_joinchat":[],"footnotes":""},"class_list":["post-39","page","type-page","status-publish","hentry"],"yoast_head":"<!-- This site is optimized with the Yoast SEO Premium plugin v23.8 (Yoast SEO v27.5) - https:\/\/yoast.com\/product\/yoast-seo-premium-wordpress\/ -->\n<title>Contact - Moreno Real Estate<\/title>\n<meta name=\"robots\" content=\"index, follow, max-snippet:-1, max-image-preview:large, max-video-preview:-1\" \/>\n<link rel=\"canonical\" href=\"https:\/\/morenorealestate.mx\/en\/contact\/\" \/>\n<meta property=\"og:locale\" content=\"en_US\" \/>\n<meta property=\"og:type\" content=\"article\" \/>\n<meta property=\"og:title\" content=\"Contact\" \/>\n<meta property=\"og:description\" content=\"Cont\u00e1ctanos para brindarte una asesoria personalizada. D\u00e9janos brindarte asesor\u00eda personalizada para que encuentres tu propiedad ideal en la Riviera Maya. Tu nombre Tu correo electr\u00f3nico Tel\u00e9fono\" \/>\n<meta property=\"og:url\" content=\"https:\/\/morenorealestate.mx\/en\/contact\/\" \/>\n<meta property=\"og:site_name\" content=\"Moreno Real Estate\" \/>\n<meta property=\"article:publisher\" content=\"https:\/\/www.facebook.com\/morenorealestate.mx\" \/>\n<meta property=\"article:modified_time\" content=\"2024-09-05T01:19:40+00:00\" \/>\n<meta name=\"twitter:card\" content=\"summary_large_image\" \/>\n<meta name=\"twitter:label1\" content=\"Est. reading time\" \/>\n\t<meta name=\"twitter:data1\" content=\"1 minute\" \/>\n<script type=\"application\/ld+json\" class=\"yoast-schema-graph\">{\"@context\":\"https:\\\/\\\/schema.org\",\"@graph\":[{\"@type\":\"WebPage\",\"@id\":\"https:\\\/\\\/morenorealestate.mx\\\/contact\\\/\",\"url\":\"https:\\\/\\\/morenorealestate.mx\\\/contact\\\/\",\"name\":\"Contact - Moreno Real Estate\",\"isPartOf\":{\"@id\":\"https:\\\/\\\/morenorealestate.mx\\\/#website\"},\"datePublished\":\"2020-02-26T09:28:48+00:00\",\"dateModified\":\"2024-09-05T01:19:40+00:00\",\"breadcrumb\":{\"@id\":\"https:\\\/\\\/morenorealestate.mx\\\/contact\\\/#breadcrumb\"},\"inLanguage\":\"en-US\",\"potentialAction\":[{\"@type\":\"ReadAction\",\"target\":[\"https:\\\/\\\/morenorealestate.mx\\\/contact\\\/\"]}]},{\"@type\":\"BreadcrumbList\",\"@id\":\"https:\\\/\\\/morenorealestate.mx\\\/contact\\\/#breadcrumb\",\"itemListElement\":[{\"@type\":\"ListItem\",\"position\":1,\"name\":\"Portada\",\"item\":\"https:\\\/\\\/morenorealestate.mx\\\/\"},{\"@type\":\"ListItem\",\"position\":2,\"name\":\"Contact\"}]},{\"@type\":\"WebSite\",\"@id\":\"https:\\\/\\\/morenorealestate.mx\\\/#website\",\"url\":\"https:\\\/\\\/morenorealestate.mx\\\/\",\"name\":\"Moreno Real Estate\",\"description\":\"Invierte en tu sue\u00f1o en la Riviera Maya.\",\"publisher\":{\"@id\":\"https:\\\/\\\/morenorealestate.mx\\\/#organization\"},\"potentialAction\":[{\"@type\":\"SearchAction\",\"target\":{\"@type\":\"EntryPoint\",\"urlTemplate\":\"https:\\\/\\\/morenorealestate.mx\\\/?s={search_term_string}\"},\"query-input\":{\"@type\":\"PropertyValueSpecification\",\"valueRequired\":true,\"valueName\":\"search_term_string\"}}],\"inLanguage\":\"en-US\"},{\"@type\":\"Organization\",\"@id\":\"https:\\\/\\\/morenorealestate.mx\\\/#organization\",\"name\":\"Moreno Real Estate\",\"url\":\"https:\\\/\\\/morenorealestate.mx\\\/\",\"logo\":{\"@type\":\"ImageObject\",\"inLanguage\":\"en-US\",\"@id\":\"https:\\\/\\\/morenorealestate.mx\\\/#\\\/schema\\\/logo\\\/image\\\/\",\"url\":\"https:\\\/\\\/morenorealestate.mx\\\/wp-content\\\/uploads\\\/2023\\\/11\\\/Variante-horizontal1.png\",\"contentUrl\":\"https:\\\/\\\/morenorealestate.mx\\\/wp-content\\\/uploads\\\/2023\\\/11\\\/Variante-horizontal1.png\",\"width\":1200,\"height\":557,\"caption\":\"Moreno Real Estate\"},\"image\":{\"@id\":\"https:\\\/\\\/morenorealestate.mx\\\/#\\\/schema\\\/logo\\\/image\\\/\"},\"sameAs\":[\"https:\\\/\\\/www.facebook.com\\\/morenorealestate.mx\"]}]}<\/script>\n<!-- \/ Yoast SEO Premium plugin. -->","yoast_head_json":{"title":"Contact - Moreno Real Estate","robots":{"index":"index","follow":"follow","max-snippet":"max-snippet:-1","max-image-preview":"max-image-preview:large","max-video-preview":"max-video-preview:-1"},"canonical":"https:\/\/morenorealestate.mx\/en\/contact\/","og_locale":"en_US","og_type":"article","og_title":"Contact","og_description":"Cont\u00e1ctanos para brindarte una asesoria personalizada. D\u00e9janos brindarte asesor\u00eda personalizada para que encuentres tu propiedad ideal en la Riviera Maya. Tu nombre Tu correo electr\u00f3nico Tel\u00e9fono","og_url":"https:\/\/morenorealestate.mx\/en\/contact\/","og_site_name":"Moreno Real Estate","article_publisher":"https:\/\/www.facebook.com\/morenorealestate.mx","article_modified_time":"2024-09-05T01:19:40+00:00","twitter_card":"summary_large_image","twitter_misc":{"Est. reading time":"1 minute"},"schema":{"@context":"https:\/\/schema.org","@graph":[{"@type":"WebPage","@id":"https:\/\/morenorealestate.mx\/contact\/","url":"https:\/\/morenorealestate.mx\/contact\/","name":"Contact - Moreno Real Estate","isPartOf":{"@id":"https:\/\/morenorealestate.mx\/#website"},"datePublished":"2020-02-26T09:28:48+00:00","dateModified":"2024-09-05T01:19:40+00:00","breadcrumb":{"@id":"https:\/\/morenorealestate.mx\/contact\/#breadcrumb"},"inLanguage":"en-US","potentialAction":[{"@type":"ReadAction","target":["https:\/\/morenorealestate.mx\/contact\/"]}]},{"@type":"BreadcrumbList","@id":"https:\/\/morenorealestate.mx\/contact\/#breadcrumb","itemListElement":[{"@type":"ListItem","position":1,"name":"Portada","item":"https:\/\/morenorealestate.mx\/"},{"@type":"ListItem","position":2,"name":"Contact"}]},{"@type":"WebSite","@id":"https:\/\/morenorealestate.mx\/#website","url":"https:\/\/morenorealestate.mx\/","name":"Moreno Real Estate","description":"Invierte en tu sue\u00f1o en la Riviera Maya.","publisher":{"@id":"https:\/\/morenorealestate.mx\/#organization"},"potentialAction":[{"@type":"SearchAction","target":{"@type":"EntryPoint","urlTemplate":"https:\/\/morenorealestate.mx\/?s={search_term_string}"},"query-input":{"@type":"PropertyValueSpecification","valueRequired":true,"valueName":"search_term_string"}}],"inLanguage":"en-US"},{"@type":"Organization","@id":"https:\/\/morenorealestate.mx\/#organization","name":"Moreno Real Estate","url":"https:\/\/morenorealestate.mx\/","logo":{"@type":"ImageObject","inLanguage":"en-US","@id":"https:\/\/morenorealestate.mx\/#\/schema\/logo\/image\/","url":"https:\/\/morenorealestate.mx\/wp-content\/uploads\/2023\/11\/Variante-horizontal1.png","contentUrl":"https:\/\/morenorealestate.mx\/wp-content\/uploads\/2023\/11\/Variante-horizontal1.png","width":1200,"height":557,"caption":"Moreno Real Estate"},"image":{"@id":"https:\/\/morenorealestate.mx\/#\/schema\/logo\/image\/"},"sameAs":["https:\/\/www.facebook.com\/morenorealestate.mx"]}]}},"_links":{"self":[{"href":"https:\/\/morenorealestate.mx\/en\/wp-json\/wp\/v2\/pages\/39","targetHints":{"allow":["GET"]}}],"collection":[{"href":"https:\/\/morenorealestate.mx\/en\/wp-json\/wp\/v2\/pages"}],"about":[{"href":"https:\/\/morenorealestate.mx\/en\/wp-json\/wp\/v2\/types\/page"}],"author":[{"embeddable":true,"href":"https:\/\/morenorealestate.mx\/en\/wp-json\/wp\/v2\/users\/1"}],"replies":[{"embeddable":true,"href":"https:\/\/morenorealestate.mx\/en\/wp-json\/wp\/v2\/comments?post=39"}],"version-history":[{"count":5,"href":"https:\/\/morenorealestate.mx\/en\/wp-json\/wp\/v2\/pages\/39\/revisions"}],"predecessor-version":[{"id":8386,"href":"https:\/\/morenorealestate.mx\/en\/wp-json\/wp\/v2\/pages\/39\/revisions\/8386"}],"wp:attachment":[{"href":"https:\/\/morenorealestate.mx\/en\/wp-json\/wp\/v2\/media?parent=39"}],"curies":[{"name":"wp","href":"https:\/\/api.w.org\/{rel}","templated":true}]}}